{"id":15522,"date":"2025-07-03T21:51:29","date_gmt":"2025-07-03T21:51:29","guid":{"rendered":"https:\/\/denunciar.pt\/dimensaoexata\/?page_id=15522"},"modified":"2025-09-21T21:22:01","modified_gmt":"2025-09-21T21:22:01","slug":"canal-de-denuncias","status":"publish","type":"page","link":"https:\/\/denunciar.pt\/dimensaoexata\/","title":{"rendered":"Canal de Den\u00fancias"},"content":{"rendered":"<p>[vc_row bg_image=&#8221;15687&#8243; bg_color=&#8221;#1cbac8&#8243; top_padding=&#8221;305&#8243; bottom_padding=&#8221;90&#8243; bg_position=&#8221;center center&#8221;][vc_column width=&#8221;1\/1&#8243;]<h1 class=\"headline font-special fontsize-xxxl fontweight-700 lh-12 align-left transform-inherit lowercase\" style=\"margin: 0 0 20px 0; color: #edc211;\">Bem-vindo ao canal<br \/>\nde den\u00fancias Dimens\u00e3o Exata<\/h1><div class=\"headline font-inherit fontsize-m fontweight-500 lh-13 align-left transform-inherit \" style=\"margin: 0 0 26px 0; color: #ffffff;\">O canal de den\u00fancia \u00e9 o meio, atrav\u00e9s do qual, podem ser comunicadas eventuais infra\u00e7\u00f5es e irregularidades,<br \/>\nde forma confidencial ou an\u00f3nima, e garantir a independ\u00eancia, a transpar\u00eancia e a confidencialidade<br \/>\npara o denunciante e entidade.<\/div><a href=\"#\" target=\"_self\" class=\"button custom small \" style=\"background-color: #005186; border-color: #005186;border-radius: 2px;\">100% Confidencial<\/a><a href=\"\" target=\"_self\" class=\"button custom small \" style=\"background-color: #005186; border-color: #005186;border-radius: 2px;\">Dispon\u00edvel 24\/7<\/a>[\/vc_column][\/vc_row][vc_row top_padding=&#8221;80&#8243; bottom_padding=&#8221;85&#8243; bg_position=&#8221;left top&#8221;][vc_column width=&#8221;1\/1&#8243;][vc_column_text]Em cumprimento do disposto na Lei n.\u00ba 93\/2021 que transp\u00f5e a Diretiva (UE Whistleblower Directive) 2019\/1937 e que estabelece o regime geral de prote\u00e7\u00e3o de denunciantes de infra\u00e7\u00f5es, \u00e9 disponibilizado o presente canal de den\u00fancia, encorajando todos aqueles que tenham conhecimento de qualquer irregularidade que precise de ser analisada.<\/p>\n<p>Denuncie preocupa\u00e7\u00f5es com situa\u00e7\u00f5es\/a\u00e7\u00f5es que n\u00e3o considere adequados aos padr\u00f5es de \u00e9tica e valores que possam afetar pejorativamente a organiza\u00e7\u00e3o representada e\/ou bem-estar da pessoa\/colaborador.<\/p>\n<p>A den\u00fancia deve incluir informa\u00e7\u00e3o sobre infra\u00e7\u00f5es, irregularidades ou viola\u00e7\u00f5es da lei no contexto de trabalho. Recomendamos que o denunciante apresente provas claras das suas suspeitas, ainda que opcional.<\/p>\n<p>O denunciante pode efetuar uma den\u00fancia an\u00f3nima, inserir apenas um meio de contacto ou identificar-se integral ou parcialmente.[\/vc_column_text]<div class=\"spacer\" style=\"height: 5px;\"><\/div>[vc_column_text]<\/p>\n<p style=\"text-align: left;\"><a href=\"\/dimensaoexata\/submeter-denuncia\/\" target=\"_self\" class=\"button color-3 large \" style=\"border-radius: 2px;\">Submeter Den\u00fancia<\/a> \u00a0 <a href=\"\/dimensaoexata\/acompanhar-denuncia\/\" target=\"_self\" class=\"button color-2 large \" style=\"border-radius: 2px;\">Acompanhar Den\u00fancia<\/a>\n<p>[\/vc_column_text][\/vc_column][\/vc_row][vc_row type=&#8221;full_width_section&#8221; bg_position=&#8221;left top&#8221;][vc_column width=&#8221;1\/1&#8243;]<div class=\"divider divider1\" style='margin:0 !important;'><\/div>[\/vc_column][\/vc_row][vc_row top_padding=&#8221;95&#8243; bottom_padding=&#8221;20&#8243; bg_position=&#8221;center top&#8221;][vc_column width=&#8221;1\/3&#8243;]<div class=\"box clearfix style-6 wpb_content_element align-left style-6-dimensaoexata\" style=\"padding: 45px 40px 45px 40px; \"><img loading=\"lazy\" decoding=\"async\" class=\"alignnone size-full wp-image-15672\" src=\"https:\/\/denunciar.pt\/dimensaoexata\/wp-content\/uploads\/sites\/6\/2025\/09\/1c.png\" alt=\"\" width=\"47\" height=\"52\" \/><\/p>\n<p>A sua den\u00fancia \u00e9 submetida de forma segura e confidencial, ou de forma 100% an\u00f3nima, atrav\u00e9s de um formul\u00e1rio com instru\u00e7\u00f5es.<\/div>[\/vc_column][vc_column width=&#8221;1\/3&#8243;]<div class=\"box clearfix style-3 wpb_content_element align-left \" style=\"padding: 45px 40px 45px 40px; \"><img loading=\"lazy\" decoding=\"async\" class=\"alignnone size-full wp-image-15673\" src=\"https:\/\/denunciar.pt\/dimensaoexata\/wp-content\/uploads\/sites\/6\/2025\/09\/2c.png\" alt=\"\" width=\"47\" height=\"52\" \/><\/p>\n<p>Durante o envio sua da den\u00fancia, ser\u00e1 atribu\u00eddo um ID de Acesso e poder\u00e1 definir uma Palavra-passe da sua prefer\u00eancia.<\/div>[\/vc_column][vc_column width=&#8221;1\/3&#8243;]<div class=\"box clearfix style-3 wpb_content_element align-left \" style=\"padding: 45px 40px 45px 40px; \"><img loading=\"lazy\" decoding=\"async\" class=\"alignnone size-full wp-image-15674\" src=\"https:\/\/denunciar.pt\/dimensaoexata\/wp-content\/uploads\/sites\/6\/2025\/09\/3c.png\" alt=\"\" width=\"47\" height=\"52\" \/><\/p>\n<p>Guarde o ID de Acesso e a palavra-passe num local seguro, s\u00e3o estes dados que lhe dar\u00e3o acesso ao seguimento da sua den\u00fancia.<\/div>[\/vc_column][\/vc_row][vc_row bg_color=&#8221;#fafafa&#8221; top_padding=&#8221;80&#8243; bottom_padding=&#8221;85&#8243; desktop_visibility=&#8221;hide&#8221; tablet_landscape_visibility=&#8221;hide&#8221; tablet_portrait_visibility=&#8221;hide&#8221; mobile_landscape_visibility=&#8221;hide&#8221; mobile_portrait_visibility=&#8221;hide&#8221; bg_position=&#8221;left top&#8221;][vc_column width=&#8221;1\/1&#8243;][vc_column_text]Ao realizar uma den\u00fancia pode escolher permanecer an\u00f3nimo\/a ou, se preferir, pode partilhar a sua identidade com o\/a Gestor\/a de Den\u00fancias de forma a facilitar o processo de investiga\u00e7\u00e3o. O\/A Denunciante est\u00e1 sempre protegido\/a, por lei, de qualquer retalia\u00e7\u00e3o.<\/p>\n<p>Todos os detalhes s\u00e3o muito importantes, pelo que pedimos que inclua o m\u00e1ximo de informa\u00e7\u00e3o poss\u00edvel. As den\u00fancias devem ser efetuadas de boa-f\u00e9.<\/p>\n<p>A utiliza\u00e7\u00e3o indevida e\/ou a presta\u00e7\u00e3o de declara\u00e7\u00f5es falsas \u00e9 grave e compromete o prop\u00f3sito deste canal.[\/vc_column_text]<div class=\"spacer\" style=\"height: 5px;\"><\/div>[vc_column_text]<\/p>\n<p style=\"text-align: left;\"><a href=\"#\" target=\"_blank\" class=\"button color-3 large \" style=\"border-radius: 2px;\">Submeter Den\u00fancia<\/a> \u00a0 <a href=\"#\" target=\"_blank\" class=\"button color-2 large \" style=\"border-radius: 2px;\">Acompanhar Den\u00fancia<\/a>\n<p>[\/vc_column_text][\/vc_column][\/vc_row][vc_row top_padding=&#8221;100&#8243; bottom_padding=&#8221;100&#8243; bg_position=&#8221;left top&#8221;][vc_column width=&#8221;1\/1&#8243;]<h3 class=\"headline font-inherit fontsize-l fontweight-700 lh-inherit align-left transform-inherit \" style=\"margin: 0 0 20px 0;\">Perguntas Frequentes<\/h3>[vc_accordion active_tab=&#8221;false&#8221; collapsible=&#8221;yes&#8221;][vc_accordion_tab title=&#8221;Quando usar o canal de den\u00fancias?&#8221;][vc_column_text]Este canal de den\u00fancias deve ser usado para informar a institui\u00e7\u00e3o aqui representada sobre casos que ocorreram na mesma e que considera n\u00e3o corresponderem com os respetivos padr\u00f5es de \u00e9tica e valores ou que considera que possam afetar o bem-estar da organiza\u00e7\u00e3o e\/ou pessoas.[\/vc_column_text][\/vc_accordion_tab][vc_accordion_tab title=&#8221;Que infra\u00e7\u00f5es posso denunciar?&#8221;][vc_column_text]Pode ser reportado qualquer ato ou omiss\u00e3o, praticado de forma dolosa ou negligente, que constitua crime ou contraordena\u00e7\u00e3o, conforme descrito no n.\u00ba 1 do artigo 2.\u00ba da Lei n.\u00ba 93\/2021, de 20 de dezembro, nas seguintes \u00e1reas:<\/p>\n<ul>\n<li>Contrata\u00e7\u00e3o p\u00fablica.<\/li>\n<li>Corrup\u00e7\u00e3o e infra\u00e7\u00f5es conexas (artigo 3.\u00ba do Regime Geral de Preven\u00e7\u00e3o da Corrup\u00e7\u00e3o).<\/li>\n<li>Servi\u00e7os, produtos e mercados financeiros, incluindo a preven\u00e7\u00e3o do branqueamento de capitais e do financiamento do terrorismo.<\/li>\n<li>Prote\u00e7\u00e3o da privacidade e dos dados pessoais, bem como a seguran\u00e7a da rede e dos sistemas de informa\u00e7\u00e3o.<\/li>\n<li>Seguran\u00e7a e conformidade dos produtos.<\/li>\n<li>Seguran\u00e7a dos transportes.<\/li>\n<li>Prote\u00e7\u00e3o do ambiente.<\/li>\n<li>Prote\u00e7\u00e3o contra radia\u00e7\u00f5es e seguran\u00e7a nuclear.<\/li>\n<li>Seguran\u00e7a dos alimentos para consumo humano e animal, sa\u00fade animal e bem-estar animal.<\/li>\n<li>Sa\u00fade p\u00fablica.<\/li>\n<li>Defesa do consumidor.<\/li>\n<li>Ato ou omiss\u00e3o contr\u00e1rios aos interesses financeiros da Uni\u00e3o Europeia, conforme o artigo 325.\u00ba do Tratado sobre o Funcionamento da Uni\u00e3o Europeia.<\/li>\n<li>Regras do mercado interno, conforme o n.\u00ba 2 do artigo 26.\u00ba do Tratado sobre o Funcionamento da Uni\u00e3o Europeia.<\/li>\n<\/ul>\n<p>Adicionalmente, \u00e9 poss\u00edvel reportar den\u00fancias fora destes dom\u00ednios.[\/vc_column_text][\/vc_accordion_tab][vc_accordion_tab title=&#8221;Posso fazer uma den\u00fancia an\u00f3nima?&#8221;][vc_column_text]A den\u00fancia pode ser submetida de forma 100% an\u00f3nima. Garantimos total seguran\u00e7a, anonimato e confidencialidade do denunciante, uma vez que esta aplica\u00e7\u00e3o opera de forma independente \u00e0 entidade e alojada em servidores externos e protegidos.<\/p>\n<p>Caso pretenda, pode identificar-se e poder\u00e1 ainda submeter um endere\u00e7o eletr\u00f3nico de contacto.[\/vc_column_text][\/vc_accordion_tab][vc_accordion_tab title=&#8221;\u00c9 garantida a confidencialidade da den\u00fancia?&#8221;][vc_column_text]A identidade do denunciante, assim como qualquer informa\u00e7\u00e3o que possa, direta ou indiretamente, permitir a sua identifica\u00e7\u00e3o e a de terceiros mencionados na den\u00fancia, \u00e9 considerada confidencial e de acesso restrito aos respons\u00e1veis pelo Canal de Den\u00fancias.<\/p>\n<p>A identidade do denunciante s\u00f3 ser\u00e1 divulgada em caso de obriga\u00e7\u00e3o legal ou decis\u00e3o judicial e \u00e9 sempre precedida de comunica\u00e7\u00e3o pr\u00e9via ao denunciante indicando os motivos da divulga\u00e7\u00e3o dos dados confidenciais em causa, a menos que a presta\u00e7\u00e3o dessa informa\u00e7\u00e3o possa comprometer as investiga\u00e7\u00f5es ou processos judiciais relacionados.[\/vc_column_text][\/vc_accordion_tab][vc_accordion_tab title=&#8221;Posso acompanhar a den\u00fancia?&#8221;][vc_column_text]Sim, consulte e acompanhe o estado do processo da den\u00fancia sempre que desejar, usando o ID e palavra-passe atribu\u00eddos aquando da submiss\u00e3o da sua den\u00fancia.[\/vc_column_text][\/vc_accordion_tab][vc_accordion_tab title=&#8221;Qual \u00e9 o prazo de resposta \u00e0 minha den\u00fancia?&#8221;][vc_column_text]Ap\u00f3s a rece\u00e7\u00e3o da den\u00fancia, a entidade tem 7 dias para notificar o denunciante, e inform\u00e1-lo, de forma clara e acess\u00edvel, dos requisitos, autoridades competente e admissibilidade da den\u00fancia externa.<\/p>\n<p>A entidade tem de comunicar ao denunciante, no prazo m\u00e1ximo de 3 meses a contar da data da rece\u00e7\u00e3o da den\u00fancia, as medidas previstas ou adotadas para dar seguimento \u00e0 den\u00fancia, bem como a sua justifica\u00e7\u00e3o.<\/p>\n<p>O denunciante pode requerer, a qualquer momento, informa\u00e7\u00e3o sobre o resultado da an\u00e1lise efetuada \u00e0 den\u00fancia no prazo de 15 dias ap\u00f3s a respetiva conclus\u00e3o.[\/vc_column_text][\/vc_accordion_tab][vc_accordion_tab title=&#8221;Quais as consequ\u00eancias para quem faz uma den\u00fancia falsa?&#8221;][vc_column_text]Fazer uma den\u00fancia falsa pode ter consequ\u00eancias legais e disciplinares, podendo o denunciante ser responsabilizado por cal\u00fania ou difama\u00e7\u00e3o.[\/vc_column_text][\/vc_accordion_tab][\/vc_accordion][\/vc_column][\/vc_row]<\/p>\n","protected":false},"excerpt":{"rendered":"<p>[vc_row bg_image=&#8221;15687&#8243; bg_color=&#8221;#1cbac8&#8243; top_padding=&#8221;305&#8243; bottom_padding=&#8221;90&#8243; bg_position=&#8221;center center&#8221;][vc_column width=&#8221;1\/1&#8243;][\/vc_column][\/vc_row][vc_row top_padding=&#8221;80&#8243; bottom_padding=&#8221;85&#8243; bg_position=&#8221;left top&#8221;][vc_column width=&#8221;1\/1&#8243;][vc_column_text]Em cumprimento do disposto na Lei n.\u00ba 93\/2021 que transp\u00f5e a Diretiva (UE Whistleblower Directive) 2019\/1937 e que estabelece o regime geral de prote\u00e7\u00e3o de denunciantes de infra\u00e7\u00f5es, \u00e9 disponibilizado o presente canal de den\u00fancia, encorajando todos aqueles que tenham conhecimento de qualquer irregularidade que precise de ser analisada. Denuncie preocupa\u00e7\u00f5es com situa\u00e7\u00f5es\/a\u00e7\u00f5es que n\u00e3o considere adequados aos padr\u00f5es de \u00e9tica e valores que possam afetar pejorativamente a organiza\u00e7\u00e3o representada e\/ou bem-estar da pessoa\/colaborador. A den\u00fancia deve incluir informa\u00e7\u00e3o sobre infra\u00e7\u00f5es, irregularidades ou viola\u00e7\u00f5es da lei no contexto de trabalho. Recomendamos que o denunciante apresente provas claras das suas suspeitas, ainda que opcional. O denunciante pode efetuar uma den\u00fancia an\u00f3nima, inserir apenas um meio de contacto ou identificar-se integral ou parcialmente.[\/vc_column_text][vc_column_text] \u00a0 [\/vc_column_text][\/vc_column][\/vc_row][vc_row type=&#8221;full_width_section&#8221; bg_position=&#8221;left top&#8221;][vc_column width=&#8221;1\/1&#8243;][\/vc_column][\/vc_row][vc_row top_padding=&#8221;95&#8243; bottom_padding=&#8221;20&#8243; bg_position=&#8221;center top&#8221;][vc_column width=&#8221;1\/3&#8243;][\/vc_column][vc_column width=&#8221;1\/3&#8243;][\/vc_column][vc_column width=&#8221;1\/3&#8243;][\/vc_column][\/vc_row][vc_row bg_color=&#8221;#fafafa&#8221; top_padding=&#8221;80&#8243; bottom_padding=&#8221;85&#8243; desktop_visibility=&#8221;hide&#8221; tablet_landscape_visibility=&#8221;hide&#8221; tablet_portrait_visibility=&#8221;hide&#8221; mobile_landscape_visibility=&#8221;hide&#8221; mobile_portrait_visibility=&#8221;hide&#8221; bg_position=&#8221;left top&#8221;][vc_column width=&#8221;1\/1&#8243;][vc_column_text]Ao realizar uma den\u00fancia pode escolher permanecer an\u00f3nimo\/a ou, se preferir, pode partilhar a sua identidade com o\/a Gestor\/a de Den\u00fancias de forma a facilitar o processo de investiga\u00e7\u00e3o. O\/A Denunciante est\u00e1 sempre protegido\/a, por lei, de qualquer retalia\u00e7\u00e3o. Todos os detalhes s\u00e3o muito [&hellip;]<\/p>\n","protected":false},"author":1,"featured_media":0,"parent":0,"menu_order":0,"comment_status":"open","ping_status":"open","template":"","meta":{"footnotes":""},"class_list":["post-15522","page","type-page","status-publish","hentry"],"_links":{"self":[{"href":"https:\/\/denunciar.pt\/dimensaoexata\/wp-json\/wp\/v2\/pages\/15522","targetHints":{"allow":["GET"]}}],"collection":[{"href":"https:\/\/denunciar.pt\/dimensaoexata\/wp-json\/wp\/v2\/pages"}],"about":[{"href":"https:\/\/denunciar.pt\/dimensaoexata\/wp-json\/wp\/v2\/types\/page"}],"author":[{"embeddable":true,"href":"https:\/\/denunciar.pt\/dimensaoexata\/wp-json\/wp\/v2\/users\/1"}],"replies":[{"embeddable":true,"href":"https:\/\/denunciar.pt\/dimensaoexata\/wp-json\/wp\/v2\/comments?post=15522"}],"version-history":[{"count":61,"href":"https:\/\/denunciar.pt\/dimensaoexata\/wp-json\/wp\/v2\/pages\/15522\/revisions"}],"predecessor-version":[{"id":15776,"href":"https:\/\/denunciar.pt\/dimensaoexata\/wp-json\/wp\/v2\/pages\/15522\/revisions\/15776"}],"wp:attachment":[{"href":"https:\/\/denunciar.pt\/dimensaoexata\/wp-json\/wp\/v2\/media?parent=15522"}],"curies":[{"name":"wp","href":"https:\/\/api.w.org\/{rel}","templated":true}]}}