{"id":15655,"date":"2025-07-29T00:16:29","date_gmt":"2025-07-29T00:16:29","guid":{"rendered":"https:\/\/denunciar.pt\/dimensaoexata\/?page_id=15655"},"modified":"2025-09-21T21:30:19","modified_gmt":"2025-09-21T21:30:19","slug":"ficha-tecnica","status":"publish","type":"page","link":"https:\/\/denunciar.pt\/dimensaoexata\/ficha-tecnica\/","title":{"rendered":"Ficha t\u00e9cnica"},"content":{"rendered":"<p>[vc_row bg_image=&#8221;15752&#8243; bg_repeat=&#8221;repeat&#8221; bg_color=&#8221;#ffffff&#8221; top_padding=&#8221;80&#8243; bottom_padding=&#8221;60&#8243; bg_position=&#8221;center center&#8221;][vc_column width=&#8221;1\/1&#8243;]<h1 class=\"headline font-special fontsize-xxxl fontweight-700 lh-13 align-left transform-inherit lowercase\" style=\"margin: 0 0 20px 0; color: #edc211;\">Ficha t\u00e9cnica<\/h1><div class=\"headline font-inherit fontsize-m fontweight-500 lh-13 align-left transform-inherit \" style=\"margin: 0 0 34px 0;\">Canal de den\u00fancias Dimens\u00e3o Exata<\/div><div class=\"single_image wpb_content_element align-left    \" data-animation=\"none\" data-delay=\"0\"><img loading=\"lazy\" decoding=\"async\" width=\"381\" height=\"42\" src=\"https:\/\/denunciar.pt\/dimensaoexata\/wp-content\/uploads\/sites\/6\/2025\/09\/confidencial.png\" class=\"attachment-full\" alt=\"\" srcset=\"https:\/\/denunciar.pt\/dimensaoexata\/wp-content\/uploads\/sites\/6\/2025\/09\/confidencial.png 381w, https:\/\/denunciar.pt\/dimensaoexata\/wp-content\/uploads\/sites\/6\/2025\/09\/confidencial-300x33.png 300w\" sizes=\"auto, (max-width: 381px) 100vw, 381px\" \/><\/div>[\/vc_column][\/vc_row][vc_row top_padding=&#8221;85&#8243; bottom_padding=&#8221;90&#8243; bg_position=&#8221;left top&#8221;][vc_column width=&#8221;1\/1&#8243;][vc_column_text]<\/p>\n<h2>Respons\u00e1vel administrativo de den\u00fancias<\/h2>\n<p>DPO da Dimens\u00e3o Exata &#8211; Media\u00e7\u00e3o e Gest\u00e3o de Investimentos Imobili\u00e1rios, Unipessoal, Lda.<\/p>\n<p>&nbsp;<\/p>\n<h2>Suporte t\u00e9cnico do canal<\/h2>\n<p><a href=\"https:\/\/denflow.pt\/\" target=\"_blank\" rel=\"noopener\">DenfloW \u2013 Plataforma de Whistleblowing<\/a>[\/vc_column_text][\/vc_column][\/vc_row]<\/p>\n","protected":false},"excerpt":{"rendered":"<p>[vc_row bg_image=&#8221;15752&#8243; bg_repeat=&#8221;repeat&#8221; bg_color=&#8221;#ffffff&#8221; top_padding=&#8221;80&#8243; bottom_padding=&#8221;60&#8243; bg_position=&#8221;center center&#8221;][vc_column width=&#8221;1\/1&#8243;][\/vc_column][\/vc_row][vc_row top_padding=&#8221;85&#8243; bottom_padding=&#8221;90&#8243; bg_position=&#8221;left top&#8221;][vc_column width=&#8221;1\/1&#8243;][vc_column_text] Respons\u00e1vel administrativo de den\u00fancias DPO da Dimens\u00e3o Exata &#8211; Media\u00e7\u00e3o e Gest\u00e3o de Investimentos Imobili\u00e1rios, Unipessoal, Lda. &nbsp; Suporte t\u00e9cnico do canal DenfloW \u2013 Plataforma de Whistleblowing[\/vc_column_text][\/vc_column][\/vc_row]<\/p>\n","protected":false},"author":1,"featured_media":0,"parent":0,"menu_order":0,"comment_status":"open","ping_status":"open","template":"","meta":{"footnotes":""},"class_list":["post-15655","page","type-page","status-publish","hentry"],"_links":{"self":[{"href":"https:\/\/denunciar.pt\/dimensaoexata\/wp-json\/wp\/v2\/pages\/15655","targetHints":{"allow":["GET"]}}],"collection":[{"href":"https:\/\/denunciar.pt\/dimensaoexata\/wp-json\/wp\/v2\/pages"}],"about":[{"href":"https:\/\/denunciar.pt\/dimensaoexata\/wp-json\/wp\/v2\/types\/page"}],"author":[{"embeddable":true,"href":"https:\/\/denunciar.pt\/dimensaoexata\/wp-json\/wp\/v2\/users\/1"}],"replies":[{"embeddable":true,"href":"https:\/\/denunciar.pt\/dimensaoexata\/wp-json\/wp\/v2\/comments?post=15655"}],"version-history":[{"count":14,"href":"https:\/\/denunciar.pt\/dimensaoexata\/wp-json\/wp\/v2\/pages\/15655\/revisions"}],"predecessor-version":[{"id":15782,"href":"https:\/\/denunciar.pt\/dimensaoexata\/wp-json\/wp\/v2\/pages\/15655\/revisions\/15782"}],"wp:attachment":[{"href":"https:\/\/denunciar.pt\/dimensaoexata\/wp-json\/wp\/v2\/media?parent=15655"}],"curies":[{"name":"wp","href":"https:\/\/api.w.org\/{rel}","templated":true}]}}